{"id":3272,"date":"2025-12-02T13:49:17","date_gmt":"2025-12-02T13:49:17","guid":{"rendered":"https:\/\/www.maisonpommery.com\/commitments\/"},"modified":"2026-01-14T10:52:15","modified_gmt":"2026-01-14T10:52:15","slug":"commitments","status":"publish","type":"page","link":"https:\/\/www.maisonpommery.com\/en\/commitments\/","title":{"rendered":"Commitments"},"content":{"rendered":"\n\n\n\n\n\n  \n\n\n<section\n  class=\"relative \n  before:z-1 before:absolute before:bottom-0 before:h-full before:bg-linear-to-t before:from-black\/50 before:to-black\/0 before:w-full before:block max-s:h-[70vh] text-white  z-1 overflow-hidden bg-beige\"\n   data-component=\"Hero\">\n  <div data-ref=\"media\" class=\"absolute size-full inset-0 z-0\">\n          \n\n\n\n\n\n\n<figure  data-component=\"Figure\" class=\"size-full!\">\n  <div  class=\"size-full! relative w-full h-0\" style=\"padding-top: 66.6796875%;\">\n    <img loading=\"lazy\" decoding=\"async\"  class=\"object-cover object-bottom absolute inset-0 w-full max-w-none h-full\" src=\"https:\/\/www.maisonpommery.com\/wp-content\/uploads\/2025\/12\/EXP-POMMERY-18-Melodies-en-Sous-sol-Grand-escalier_4\u00a9mathilde-giron-scaled-e1765985165633-2000x0-c-default.webp\" data-src=\"https:\/\/www.maisonpommery.com\/wp-content\/uploads\/2025\/12\/EXP-POMMERY-18-Melodies-en-Sous-sol-Grand-escalier_4\u00a9mathilde-giron-scaled-e1765985165633-2000x0-c-default.webp\" alt=\"\" width=\"2560\" height=\"1707\" data-ref=\"img\" \/>\n      <\/div>\n  <\/figure>\n      <\/div>\n  <div class=\"relative size-full z-2 flex flex-col justify-end pt-32 pb-12 s:pt-48 l:pt-72 s:pb-18\">\n    <div class=\"l:pl-70\">\n      <div class=\"container\">\n        <div class=\"grid grid-cols-12\">\n          <div class=\"col-span-full m:col-span-11 m:col-start-2\">\n                          <div class=\"mb-6 s:mb-10 text-sm\" data-fade>\n                <nav aria-label=\"breadcrumbs\" class=\"rank-math-breadcrumb\"><p><span class=\"last\">Accueil<\/span><\/p><\/nav>\n              <\/div>\n            \n            <div class=\"richtext richtext--nobr\" data-fade data-option-delay=\"2\">\n              <p class=\"type-surtitle type-important text-sm font-sans\">LA VERITE DU TERROIR: OUR SUSTAINABLE COMMITMENT<\/p>\n<h1 class=\"type-h1\">OUR UNRIVALLED COMMITMENTS<\/h1>\n\n            <\/div>\n          <\/div>\n        <\/div>\n      <\/div>\n    <\/div>\n  <\/div>\n<\/section>\n\n\n\n\n\n\n<section class=\"bg-white relative  pt-12 s:pt-24 pb-12 s:pb-24\">\n      <div class=\"container l:pl-70 text-brown-900\">\n    <div class=\"p-6 m:p-16 bg-beige-light\" data-fade>\n              <blockquote class=\"richtext\">\n          <p class=\"type-important\">Since 2021, Maison Pommery &amp; Associ\u00e9s has chosen to build a long-term future by becoming a Soci\u00e9t\u00e9 \u00e0 Mission.<\/p>\n\n        <\/blockquote>\n      \n          <\/div>\n  <\/div>\n\n<\/section>\n\n\n\n\n<section class=\"bg-beige-light relative  pt-12 s:pt-24 pb-12 s:pb-24\">\n      <div class=\"l:pl-70 max-m:overflow-hidden\" data-component=\"Slider\">\n    <div class=\"container max-m:pb-8\">\n      <div class=\"m:flex m:items-center m:justify-between mb-8 m:mb-16\">\n        <div class=\"richtext\" data-fade>\n                      <p class=\"type-h2\">Our unrivalled commitments<\/p>\n\n                  <\/div>\n              <\/div>\n      <div class=\"swiper\" data-ref=\"slider\">\n        <div\n          class=\"swiper-wrapper s:grid! s:grid-cols-2! m:grid-cols-4! s:gap-6 s:gap-x-12\">\n          \n                      <div\n              class=\"swiper-slide max-s:mr-4 max-s:w-66! h-auto! flex! flex-col justify-between m:h-full border-t border-brown-900 text-brown-900 pt-8\">\n              <div class=\"space-y-2 mb-6\" data-fade data-option-delay=\"0\">\n                                  <p class=\"type-surtitle\">\n                    Sustainable commitment\n                  <\/p>\n                                                  <p>\n                    <strong>Our raison d&#8217;\u00eatre<\/strong>\n                  <\/p>\n                                                  <p class=\"text-sm leading-[1.6]\">\n                    Our mission, La V\u00e9rit\u00e9 du Terroir, says it all: to craft the finest champagnes and wines worldwide by uniting our Houses, employees and partners around a shared commitment to protecting the environment, preserving biodiversity, and safeguarding the unique identity of our terroirs.\n                  <\/p>\n                              <\/div>\n              <div\n                class=\"relative group\"\n                data-fade\n                data-image\n                data-option-delay=\"0\">\n                \n\n\n\n\n\n\n<figure  data-component=\"Figure\" class=\"figure w-full\" data-option-lazy>\n  <div  class=\"figure__inner relative w-full h-0\" style=\"padding-top: 122.95081967213%;\">\n    <img loading=\"lazy\" decoding=\"async\"  class=\"figure__img absolute inset-0 w-full max-w-none h-full\" src=\"data:image\/svg+xml,%3Csvg%20xmlns%3D%22http%3A%2F%2Fwww.w3.org%2F2000%2Fsvg%22%0A%20%20%20%20viewbox%3D%220%200%20244%20300%22%0A%20%20%20%20width%3D%22244%22%0A%20%20%20%20height%3D%22300%22%3E%0A%20%20%20%20%3Crect%20x%3D%220%22%20y%3D%220%22%20width%3D%22244%22%20height%3D%22300%22%20fill%3D%22%23eee%22%20%2F%3E%0A%20%20%3C%2Fsvg%3E\" data-src=\"https:\/\/www.maisonpommery.com\/wp-content\/uploads\/2025\/12\/secateurs-488x600-c-default.png\" alt=\"\" width=\"244\" height=\"300\" data-ref=\"img\" \/>\n      <\/div>\n  <\/figure>\n                                  <a\n                    href=\"\/engagement-durable\/\"\n                    class=\"w-full flex justify-between items-center mt-4 before:absolute before:size-full before:inset-0 before:block before:z-1\">\n                    <span class=\"btn-underline text-sm\">Discover<\/span>\n                      \n  \n  \n  <img decoding=\"async\"  width=\"\" height=\"\" alt=\"\" aria-hidden=\"true\" src=\"data:image\/svg+xml,%20%20%20%20%3Csvg%20width%3D%2212%22%20height%3D%2212%22%20viewBox%3D%220%200%2012%2012%22%20fill%3D%22none%22%20xmlns%3D%22http%3A%2F%2Fwww.w3.org%2F2000%2Fsvg%22%3E%0A%3Cpath%20d%3D%22M7.2%201.19995L6.36%202.03995L9.72%205.39995H0V6.59995H9.72L6.36%209.95995L7.2%2010.8L12%205.99995L7.2%201.19995Z%22%20fill%3D%22currentColor%22%2F%3E%0A%3C%2Fsvg%3E%0A%0A%20%20\" class=\"icon-img icon-img--arrow-btn\">\n                  <\/a>\n                              <\/div>\n            <\/div>\n                      <div\n              class=\"swiper-slide max-s:mr-4 max-s:w-66! h-auto! flex! flex-col justify-between m:h-full border-t border-brown-900 text-brown-900 pt-8\">\n              <div class=\"space-y-2 mb-6\" data-fade data-option-delay=\"1\">\n                                  <p class=\"type-surtitle\">\n                    Exceptional craftsmanship \n                  <\/p>\n                                                  <p>\n                    <strong>Living Heritage Company<\/strong>\n                  <\/p>\n                                                  <p class=\"text-sm leading-[1.6]\">\n                    Our living heritage is shaped by gesture after gesture. The Entreprise du Patrimoine Vivant (EPV) distinction recognizes the excellence of Pommery &amp; Associ\u00e9s\u2019 craftsmanship\u2014preserved, passed on and passionately reinvented from generation to generation, with uncompromising standards. \n                  <\/p>\n                              <\/div>\n              <div\n                class=\"relative group\"\n                data-fade\n                data-image\n                data-option-delay=\"1\">\n                \n\n\n\n\n\n\n<figure  data-component=\"Figure\" class=\"figure w-full\" data-option-lazy>\n  <div  class=\"figure__inner relative w-full h-0\" style=\"padding-top: 122.95081967213%;\">\n    <img loading=\"lazy\" decoding=\"async\"  class=\"figure__img absolute inset-0 w-full max-w-none h-full\" src=\"data:image\/svg+xml,%3Csvg%20xmlns%3D%22http%3A%2F%2Fwww.w3.org%2F2000%2Fsvg%22%0A%20%20%20%20viewbox%3D%220%200%20244%20300%22%0A%20%20%20%20width%3D%22244%22%0A%20%20%20%20height%3D%22300%22%3E%0A%20%20%20%20%3Crect%20x%3D%220%22%20y%3D%220%22%20width%3D%22244%22%20height%3D%22300%22%20fill%3D%22%23eee%22%20%2F%3E%0A%20%20%3C%2Fsvg%3E\" data-src=\"https:\/\/www.maisonpommery.com\/wp-content\/uploads\/2025\/12\/DSC_9659-1-scaled-e1765891686477-488x600-c-default.jpg\" alt=\"\" width=\"244\" height=\"300\" data-ref=\"img\" \/>\n      <\/div>\n  <\/figure>\n                                  <a\n                    href=\"\/craftsmanship\/\"\n                    class=\"w-full flex justify-between items-center mt-4 before:absolute before:size-full before:inset-0 before:block before:z-1\">\n                    <span class=\"btn-underline text-sm\">Discover<\/span>\n                      \n  \n  \n  <img decoding=\"async\"  width=\"\" height=\"\" alt=\"\" aria-hidden=\"true\" src=\"data:image\/svg+xml,%20%20%20%20%3Csvg%20width%3D%2212%22%20height%3D%2212%22%20viewBox%3D%220%200%2012%2012%22%20fill%3D%22none%22%20xmlns%3D%22http%3A%2F%2Fwww.w3.org%2F2000%2Fsvg%22%3E%0A%3Cpath%20d%3D%22M7.2%201.19995L6.36%202.03995L9.72%205.39995H0V6.59995H9.72L6.36%209.95995L7.2%2010.8L12%205.99995L7.2%201.19995Z%22%20fill%3D%22currentColor%22%2F%3E%0A%3C%2Fsvg%3E%0A%0A%20%20\" class=\"icon-img icon-img--arrow-btn\">\n                  <\/a>\n                              <\/div>\n            <\/div>\n                      <div\n              class=\"swiper-slide max-s:mr-4 max-s:w-66! h-auto! flex! flex-col justify-between m:h-full border-t border-brown-900 text-brown-900 pt-8\">\n              <div class=\"space-y-2 mb-6\" data-fade data-option-delay=\"2\">\n                                  <p class=\"type-surtitle\">\n                    Exceptional terroirs \n                  <\/p>\n                                                  <p>\n                    <strong>Preserved biodiversity<\/strong>\n                  <\/p>\n                                                  <p class=\"text-sm leading-[1.6]\">\n                    The company cultivates and protects exceptional landscapes, each with its own unique requirements. From Champagne, Provence and the Camargue to the Douro Valley, we bring together craftsmanship and nature to preserve our terroirs, nurture biodiversity, and sustainably grow our wines.\n                  <\/p>\n                              <\/div>\n              <div\n                class=\"relative group\"\n                data-fade\n                data-image\n                data-option-delay=\"2\">\n                \n\n\n\n\n\n\n<figure  data-component=\"Figure\" class=\"figure w-full\" data-option-lazy>\n  <div  class=\"figure__inner relative w-full h-0\" style=\"padding-top: 122.95081967213%;\">\n    <img loading=\"lazy\" decoding=\"async\"  class=\"figure__img absolute inset-0 w-full max-w-none h-full\" src=\"data:image\/svg+xml,%3Csvg%20xmlns%3D%22http%3A%2F%2Fwww.w3.org%2F2000%2Fsvg%22%0A%20%20%20%20viewbox%3D%220%200%20244%20300%22%0A%20%20%20%20width%3D%22244%22%0A%20%20%20%20height%3D%22300%22%3E%0A%20%20%20%20%3Crect%20x%3D%220%22%20y%3D%220%22%20width%3D%22244%22%20height%3D%22300%22%20fill%3D%22%23eee%22%20%2F%3E%0A%20%20%3C%2Fsvg%3E\" data-src=\"https:\/\/www.maisonpommery.com\/wp-content\/uploads\/2025\/12\/vignes-1-488x600-c-default.jpg\" alt=\"\" width=\"244\" height=\"300\" data-ref=\"img\" \/>\n      <\/div>\n  <\/figure>\n                                  <a\n                    href=\"\/terroirs\/\"\n                    class=\"w-full flex justify-between items-center mt-4 before:absolute before:size-full before:inset-0 before:block before:z-1\">\n                    <span class=\"btn-underline text-sm\">Discover<\/span>\n                      \n  \n  \n  <img decoding=\"async\"  width=\"\" height=\"\" alt=\"\" aria-hidden=\"true\" src=\"data:image\/svg+xml,%20%20%20%20%3Csvg%20width%3D%2212%22%20height%3D%2212%22%20viewBox%3D%220%200%2012%2012%22%20fill%3D%22none%22%20xmlns%3D%22http%3A%2F%2Fwww.w3.org%2F2000%2Fsvg%22%3E%0A%3Cpath%20d%3D%22M7.2%201.19995L6.36%202.03995L9.72%205.39995H0V6.59995H9.72L6.36%209.95995L7.2%2010.8L12%205.99995L7.2%201.19995Z%22%20fill%3D%22currentColor%22%2F%3E%0A%3C%2Fsvg%3E%0A%0A%20%20\" class=\"icon-img icon-img--arrow-btn\">\n                  <\/a>\n                              <\/div>\n            <\/div>\n                      <div\n              class=\"swiper-slide max-s:mr-4 max-s:w-66! h-auto! flex! flex-col justify-between m:h-full border-t border-brown-900 text-brown-900 pt-8\">\n              <div class=\"space-y-2 mb-6\" data-fade data-option-delay=\"3\">\n                                  <p class=\"type-surtitle\">\n                    Art &amp; culture\n                  <\/p>\n                                                  <p>\n                    <strong>Experience Pommery<\/strong>\n                  <\/p>\n                                                  <p class=\"text-sm leading-[1.6]\">\n                    Contemporary art pulses at the heart of the cellars: a unique underground journey where international artists enter into dialogue with chalk and time. This is the world\u2019s only underground museum\u2014alive, bold, and in motion season after season. \n                  <\/p>\n                              <\/div>\n              <div\n                class=\"relative group\"\n                data-fade\n                data-image\n                data-option-delay=\"3\">\n                \n\n\n\n\n\n\n<figure  data-component=\"Figure\" class=\"figure w-full\" data-option-lazy>\n  <div  class=\"figure__inner relative w-full h-0\" style=\"padding-top: 122.95081967213%;\">\n    <img loading=\"lazy\" decoding=\"async\"  class=\"figure__img absolute inset-0 w-full max-w-none h-full\" src=\"data:image\/svg+xml,%3Csvg%20xmlns%3D%22http%3A%2F%2Fwww.w3.org%2F2000%2Fsvg%22%0A%20%20%20%20viewbox%3D%220%200%20244%20300%22%0A%20%20%20%20width%3D%22244%22%0A%20%20%20%20height%3D%22300%22%3E%0A%20%20%20%20%3Crect%20x%3D%220%22%20y%3D%220%22%20width%3D%22244%22%20height%3D%22300%22%20fill%3D%22%23eee%22%20%2F%3E%0A%20%20%3C%2Fsvg%3E\" data-src=\"https:\/\/www.maisonpommery.com\/wp-content\/uploads\/2025\/12\/lotus-1-488x600-c-default.jpg\" alt=\"\" width=\"244\" height=\"300\" data-ref=\"img\" \/>\n      <\/div>\n  <\/figure>\n                                  <a\n                    href=\"\/art-culture\/\"\n                    class=\"w-full flex justify-between items-center mt-4 before:absolute before:size-full before:inset-0 before:block before:z-1\">\n                    <span class=\"btn-underline text-sm\">Discover<\/span>\n                      \n  \n  \n  <img decoding=\"async\"  width=\"\" height=\"\" alt=\"\" aria-hidden=\"true\" src=\"data:image\/svg+xml,%20%20%20%20%3Csvg%20width%3D%2212%22%20height%3D%2212%22%20viewBox%3D%220%200%2012%2012%22%20fill%3D%22none%22%20xmlns%3D%22http%3A%2F%2Fwww.w3.org%2F2000%2Fsvg%22%3E%0A%3Cpath%20d%3D%22M7.2%201.19995L6.36%202.03995L9.72%205.39995H0V6.59995H9.72L6.36%209.95995L7.2%2010.8L12%205.99995L7.2%201.19995Z%22%20fill%3D%22currentColor%22%2F%3E%0A%3C%2Fsvg%3E%0A%0A%20%20\" class=\"icon-img icon-img--arrow-btn\">\n                  <\/a>\n                              <\/div>\n            <\/div>\n                  <\/div>\n      <\/div>\n    <\/div>\n  <\/div>\n\n<\/section>\n\n\n\n\n<section class=\"bg-white relative  pt-12 s:pt-24 pb-12 s:pb-24\">\n      <div class=\"container l:pl-70 text-brown-900\">\n    <div class=\"p-6 m:p-16 bg-beige-light\" data-fade>\n              <blockquote class=\"richtext\">\n          <blockquote>\n<p class=\"type-important\">\u201cEverything must change so that nothing changes.\u201d<\/p>\n<\/blockquote>\n\n        <\/blockquote>\n      \n              <div class=\"flex items-center gap-4 mt-10 pt-6 border-t border-brown-800\">\n                      <div class=\"shrink-0\">\n              \n\n\n\n\n\n\n<figure  data-component=\"Figure\" class=\"size-16 aspect-square overflow-hidden rounded-full\" data-option-lazy>\n  <div  class=\"figure__inner relative w-full h-0\" style=\"padding-top: 100%;\">\n    <img loading=\"lazy\" decoding=\"async\"  class=\"size-full object-cover absolute inset-0 w-full max-w-none h-full\" src=\"data:image\/svg+xml,%3Csvg%20xmlns%3D%22http%3A%2F%2Fwww.w3.org%2F2000%2Fsvg%22%0A%20%20%20%20viewbox%3D%220%200%2060%2060%22%0A%20%20%20%20width%3D%2260%22%0A%20%20%20%20height%3D%2260%22%3E%0A%20%20%20%20%3Crect%20x%3D%220%22%20y%3D%220%22%20width%3D%2260%22%20height%3D%2260%22%20fill%3D%22%23eee%22%20%2F%3E%0A%20%20%3C%2Fsvg%3E\" data-src=\"https:\/\/www.maisonpommery.com\/wp-content\/uploads\/2025\/12\/vp-120x120-c-default.jpg\" alt=\"\" width=\"60\" height=\"60\" data-ref=\"img\" \/>\n      <\/div>\n  <\/figure>\n            <\/div>\n          \n                      <div class=\"richtext flex-1\">\n              <p><strong>Nathalie Vranken<\/strong><br \/>\nCEO<\/p>\n\n            <\/div>\n                  <\/div>\n          <\/div>\n  <\/div>\n\n<\/section>","protected":false},"excerpt":{"rendered":"","protected":false},"author":1,"featured_media":0,"parent":0,"menu_order":0,"comment_status":"closed","ping_status":"closed","template":"","meta":{"_acf_changed":false,"footnotes":""},"class_list":["post-3272","page","type-page","status-publish","hentry"],"acf":[],"_links":{"self":[{"href":"https:\/\/www.maisonpommery.com\/en\/wp-json\/wp\/v2\/pages\/3272","targetHints":{"allow":["GET"]}}],"collection":[{"href":"https:\/\/www.maisonpommery.com\/en\/wp-json\/wp\/v2\/pages"}],"about":[{"href":"https:\/\/www.maisonpommery.com\/en\/wp-json\/wp\/v2\/types\/page"}],"author":[{"embeddable":true,"href":"https:\/\/www.maisonpommery.com\/en\/wp-json\/wp\/v2\/users\/1"}],"replies":[{"embeddable":true,"href":"https:\/\/www.maisonpommery.com\/en\/wp-json\/wp\/v2\/comments?post=3272"}],"version-history":[{"count":1,"href":"https:\/\/www.maisonpommery.com\/en\/wp-json\/wp\/v2\/pages\/3272\/revisions"}],"predecessor-version":[{"id":3415,"href":"https:\/\/www.maisonpommery.com\/en\/wp-json\/wp\/v2\/pages\/3272\/revisions\/3415"}],"wp:attachment":[{"href":"https:\/\/www.maisonpommery.com\/en\/wp-json\/wp\/v2\/media?parent=3272"}],"curies":[{"name":"wp","href":"https:\/\/api.w.org\/{rel}","templated":true}]}}