{"id":3304,"date":"2025-12-02T14:06:06","date_gmt":"2025-12-02T14:06:06","guid":{"rendered":"https:\/\/www.maisonpommery.com\/investor-relations\/shareholding\/"},"modified":"2026-01-14T10:52:14","modified_gmt":"2026-01-14T10:52:14","slug":"shareholding","status":"publish","type":"page","link":"https:\/\/www.maisonpommery.com\/en\/investor-relations\/shareholding\/","title":{"rendered":"Shareholding"},"content":{"rendered":"\n\n\n\n\n\n  \n\n\n<section\n  class=\"relative \n   z-1 overflow-hidden bg-beige\"\n  >\n  <div data-ref=\"media\" class=\"absolute size-full inset-0 z-0\">\n          <video autoplay muted playsinline loop class=\"absolute size-full object-cover inset-0 z-0\">\n        <source src=\"\" type=\"video\/mp4\" \/>\n      <\/video>\n      <\/div>\n  <div class=\"relative size-full z-2 flex flex-col justify-end pt-32 pb-12 s:pt-48 l:pt-72 s:pb-18\">\n    <div class=\"l:pl-70\">\n      <div class=\"container\">\n        <div class=\"grid grid-cols-12\">\n          <div class=\"col-span-full m:col-span-11 m:col-start-2\">\n                          <div class=\"mb-6 s:mb-10 text-sm\" data-fade>\n                <nav aria-label=\"breadcrumbs\" class=\"rank-math-breadcrumb\"><p><span class=\"last\">Accueil<\/span><\/p><\/nav>\n              <\/div>\n            \n            <div class=\"richtext richtext--nobr\" data-fade data-option-delay=\"2\">\n              <h1 class=\"type-h1\">Shareholding<\/h1>\n\n            <\/div>\n          <\/div>\n        <\/div>\n      <\/div>\n    <\/div>\n  <\/div>\n<\/section>\n\n\n\n\n\n\n<section class=\"bg-beige-light relative  pt-12 s:pt-24 pb-12 s:pb-24\">\n      <div class=\"l:pl-70\">\n    <div class=\"container\">\n              <div class=\"richtext max-w-185 mx-auto text-brown-900\">\n          <p>The shares of VRANKEN MONOPOLE, which became Maison Pommery &amp; Associ\u00e9s in 2026, were listed on April 3, 1998, on the Second March\u00e9 of the Paris Stock Exchange. They are traded on a per-share basis under ISIN code FR0000062796. <\/p>\n<p>The shares of Maison Pommery &amp; Associ\u00e9s were listed on June 9, 1999, on the Premier March\u00e9 of the Brussels Stock Exchange. They are traded on a per-share basis under ISIN code NSCBE0002798. <\/p>\n<p>The Company\u2019s shares are currently listed on the Second March\u00e9 of Euronext Paris and on the Premier March\u00e9 of Euronext Brussels.<\/p>\n\n        <\/div>\n          <\/div>\n  <\/div>\n\n<\/section>\n\n\n\n\n<section class=\"bg-beige-light relative  pb-8 s:pb-12\">\n      <div class=\"l:pl-70\">\n    <div class=\"container\">\n      <div class=\"richtext mb-8 m:mb-16 text-brown-900\" data-fade>\n        <h3 class=\"type-h3\">Information<\/h3>\n\n      <\/div>\n\n      \n\n<div  data-component=\"Accordion\">\n              <div  data-component=\"AccordionItem\" class=\"border-b border-black\" data-fade data-option-delay=\"2\" data-option-styles=\"{&quot;btn&quot;:{&quot;open&quot;:&quot;group&quot;,&quot;closed&quot;:&quot;group&quot;}}\">\n      <button data-ref=\"btn\" type=\"button\" class=\"block w-full\" aria-expanded=\"false\">\n                  <div class=\"relative text-left py-6 m:py-12 flex justify-between items-center\">\n            <p class=\"text-xl m:text-2xl font-serif font-light\">\n              Company profile\n            <\/p>\n            <div\n              class=\"group-aria-expanded:rotate-45 font-serif text-3xl transform origin-bottom transition-transform duration-300 ease-out-quad leading-3\">\n              +\n            <\/div>\n          <\/div>\n              <\/button>\n            <div  class=\"transition-[height] duration-300 ease-out-quad relative overflow-hidden\" data-ref=\"container\" style=\"visibility: hidden; height: 0;\">\n        <div data-ref=\"content\" aria-hidden=\"true\">\n                    <div class=\"richtext pb-8 s:pl-8 m:pl-24\">\n            <table style=\"border-collapse: collapse;width: 100%\">\n<tbody>\n<tr>\n<td style=\"width: 50%\">Listing market<\/td>\n<td style=\"width: 50%\">Euronext Paris<\/td>\n<\/tr>\n<tr>\n<td style=\"width: 50%\">Stock index<\/td>\n<td style=\"width: 50%\">Eurolist &#8211; compartment B<\/td>\n<\/tr>\n<tr>\n<td style=\"width: 50%\">Date of IPO<\/td>\n<td style=\"width: 50%\">June 9th, 1999<\/td>\n<\/tr>\n<tr>\n<td style=\"width: 50%\">Number of shares outstanding<\/td>\n<td style=\"width: 50%\">8.937.085<\/td>\n<\/tr>\n<tr>\n<td style=\"width: 50%\">Custodian bank<\/td>\n<td style=\"width: 50%\">Uptevia<\/td>\n<\/tr>\n<tr>\n<td style=\"width: 50%\">SRD \/ PEA \/ PEA-PME<\/td>\n<td style=\"width: 50%\">Eligible<\/td>\n<\/tr>\n<tr>\n<td style=\"width: 50%\">Form of share<\/td>\n<td style=\"width: 50%\">Ordinary<\/td>\n<\/tr>\n<tr>\n<td style=\"width: 50%\">Nominal value<\/td>\n<td style=\"width: 50%\">15 \u20ac<\/td>\n<\/tr>\n<\/tbody>\n<\/table>\n\n          <\/div>\n                <\/div>\n      <\/div>\n    <\/div>\n              <div  data-component=\"AccordionItem\" class=\"border-b border-black\" data-fade data-option-delay=\"2\" data-option-styles=\"{&quot;btn&quot;:{&quot;open&quot;:&quot;group&quot;,&quot;closed&quot;:&quot;group&quot;}}\">\n      <button data-ref=\"btn\" type=\"button\" class=\"block w-full\" aria-expanded=\"false\">\n                  <div class=\"relative text-left py-6 m:py-12 flex justify-between items-center\">\n            <p class=\"text-xl m:text-2xl font-serif font-light\">\n              Dividends\n            <\/p>\n            <div\n              class=\"group-aria-expanded:rotate-45 font-serif text-3xl transform origin-bottom transition-transform duration-300 ease-out-quad leading-3\">\n              +\n            <\/div>\n          <\/div>\n              <\/button>\n            <div  class=\"transition-[height] duration-300 ease-out-quad relative overflow-hidden\" data-ref=\"container\" style=\"visibility: hidden; height: 0;\">\n        <div data-ref=\"content\" aria-hidden=\"true\">\n                    <div class=\"richtext pb-8 s:pl-8 m:pl-24\">\n            <p>At the Annual General Meeting held on June 5, 2025, shareholders approved the distribution of a cash dividend of \u20ac0.80 per share in respect of the 2024 financial year.<\/p>\n<p>The dividend was payable from September 22, 2025.<\/p>\n<p>&nbsp;<\/p>\n<table style=\"border-collapse: collapse;width: 100%\">\n<tbody>\n<tr>\n<td style=\"width: 33.3333%\">June 2, 2025<\/p>\n<p>Coupon detachment<\/td>\n<td style=\"width: 33.3333%\">June 3, 2025 (evening)<\/p>\n<p>closing of positions<\/td>\n<td style=\"width: 33.3333%\">September 22, 2025<\/p>\n<p>payment<\/td>\n<\/tr>\n<\/tbody>\n<\/table>\n<p>&nbsp;<\/p>\n<p>To receive the dividend, you must hold at least one Maison Pommery &amp; Associ\u00e9s share at the balance sheet date.<\/p>\n<p>The dividend is paid automatically, without any specific action on the part of the shareholder.<\/p>\n\n          <\/div>\n                <\/div>\n      <\/div>\n    <\/div>\n              <div  data-component=\"AccordionItem\" class=\"border-b border-black\" data-fade data-option-delay=\"2\" data-option-styles=\"{&quot;btn&quot;:{&quot;open&quot;:&quot;group&quot;,&quot;closed&quot;:&quot;group&quot;}}\">\n      <button data-ref=\"btn\" type=\"button\" class=\"block w-full\" aria-expanded=\"false\">\n                  <div class=\"relative text-left py-6 m:py-12 flex justify-between items-center\">\n            <p class=\"text-xl m:text-2xl font-serif font-light\">\n              Capital breakdown\n            <\/p>\n            <div\n              class=\"group-aria-expanded:rotate-45 font-serif text-3xl transform origin-bottom transition-transform duration-300 ease-out-quad leading-3\">\n              +\n            <\/div>\n          <\/div>\n              <\/button>\n            <div  class=\"transition-[height] duration-300 ease-out-quad relative overflow-hidden\" data-ref=\"container\" style=\"visibility: hidden; height: 0;\">\n        <div data-ref=\"content\" aria-hidden=\"true\">\n                    <div class=\"richtext pb-8 s:pl-8 m:pl-24\">\n            <p><strong>As of December 31, 2024<\/strong>, individual shareholders and institutional investors held 28.394% of the Group\u2019s share capital.<\/p>\n<p>COMPAGNIE VRANKEN is a holding company directly or indirectly controlled by Mr. Paul-Fran\u00e7ois VRANKEN and his family, which held 99.99% of its capital as of December 31, 2024.<\/p>\n<p>Shares held by Maison Pommery &amp; Associ\u00e9s as treasury shares carry no voting rights.<\/p>\n<p><img loading=\"lazy\" decoding=\"async\" class=\"alignnone size-full wp-image-1737\" src=\"https:\/\/www.maisonpommery.com\/wp-content\/uploads\/2025\/12\/Graphique-moyen-scaled.png\" alt=\"\" width=\"2560\" height=\"1280\"><\/p>\n\n          <\/div>\n                <\/div>\n      <\/div>\n    <\/div>\n              <div  data-component=\"AccordionItem\" class=\"border-b border-black\" data-fade data-option-delay=\"2\" data-option-styles=\"{&quot;btn&quot;:{&quot;open&quot;:&quot;group&quot;,&quot;closed&quot;:&quot;group&quot;}}\">\n      <button data-ref=\"btn\" type=\"button\" class=\"block w-full\" aria-expanded=\"false\">\n                  <div class=\"relative text-left py-6 m:py-12 flex justify-between items-center\">\n            <p class=\"text-xl m:text-2xl font-serif font-light\">\n              Voting rights\n            <\/p>\n            <div\n              class=\"group-aria-expanded:rotate-45 font-serif text-3xl transform origin-bottom transition-transform duration-300 ease-out-quad leading-3\">\n              +\n            <\/div>\n          <\/div>\n              <\/button>\n            <div  class=\"transition-[height] duration-300 ease-out-quad relative overflow-hidden\" data-ref=\"container\" style=\"visibility: hidden; height: 0;\">\n        <div data-ref=\"content\" aria-hidden=\"true\">\n                    <div class=\"richtext pb-8 s:pl-8 m:pl-24\">\n            <p><strong>Single voting rights  <\/strong><\/p>\n<p>Voting rights attached to shares are proportional to the percentage of capital they represent. Each share carries one vote. <\/p>\n<p><strong>Double voting rights  <\/strong><\/p>\n<p>Double voting rights, compared to those attached to other shares in proportion to the share capital they represent, are granted to all fully paid-up shares that have been registered in the same shareholder\u2019s name for at least four years.<\/p>\n<p>The conversion of a share into bearer form, or any transfer of its ownership, results in the loss of the aforementioned double voting rights. Conversely, transfers resulting from inheritance, the liquidation of marital property between spouses, or inter vivos gifts in favor of a spouse or a relative entitled to inherit do not result in the loss of the acquired rights and do not interrupt the holding periods referred to above. <\/p>\n<p>Furthermore, in the event of a capital increase through the capitalization of reserves, profits or share premiums, double voting rights may be granted, as from their issuance, to registered shares allotted free of charge to a shareholder in respect of existing shares already benefiting from such rights.<\/p>\n<p>Eliminating double voting rights requires :<\/p>\n<p>&#8211; a decision by the Extraordinary General Meeting of all shareholders to amend the Articles of Association;<\/p>\n<p>&#8211; ratification of this decision by the Special Meeting of Shareholders with double voting rights, which must approve the cancellation by a two-thirds majority.<\/p>\n<p><strong>Non-voting shares  <\/strong><\/p>\n<p>Treasury shares are stripped of voting rights at General Meetings.<\/p>\n\n          <\/div>\n                <\/div>\n      <\/div>\n    <\/div>\n              <div  data-component=\"AccordionItem\" class=\"border-b border-black\" data-fade data-option-delay=\"2\" data-option-styles=\"{&quot;btn&quot;:{&quot;open&quot;:&quot;group&quot;,&quot;closed&quot;:&quot;group&quot;}}\">\n      <button data-ref=\"btn\" type=\"button\" class=\"block w-full\" aria-expanded=\"false\">\n                  <div class=\"relative text-left py-6 m:py-12 flex justify-between items-center\">\n            <p class=\"text-xl m:text-2xl font-serif font-light\">\n              Articles of Association\n            <\/p>\n            <div\n              class=\"group-aria-expanded:rotate-45 font-serif text-3xl transform origin-bottom transition-transform duration-300 ease-out-quad leading-3\">\n              +\n            <\/div>\n          <\/div>\n              <\/button>\n            <div  class=\"transition-[height] duration-300 ease-out-quad relative overflow-hidden\" data-ref=\"container\" style=\"visibility: hidden; height: 0;\">\n        <div data-ref=\"content\" aria-hidden=\"true\">\n                    <div class=\"richtext pb-8 s:pl-8 m:pl-24\">\n            <p>Consult the articles of association of Maison Pommery &amp; Associ\u00e9s<\/p>\n<p><a href=\"https:\/\/www.maisonpommery.com\/wp-content\/uploads\/2025\/12\/STATUTS_PA_010126.pdf\">See more \u2794<\/a><\/p>\n\n          <\/div>\n                <\/div>\n      <\/div>\n    <\/div>\n              <div  data-component=\"AccordionItem\" class=\"border-b border-black\" data-fade data-option-delay=\"2\" data-option-styles=\"{&quot;btn&quot;:{&quot;open&quot;:&quot;group&quot;,&quot;closed&quot;:&quot;group&quot;}}\">\n      <button data-ref=\"btn\" type=\"button\" class=\"block w-full\" aria-expanded=\"false\">\n                  <div class=\"relative text-left py-6 m:py-12 flex justify-between items-center\">\n            <p class=\"text-xl m:text-2xl font-serif font-light\">\n              Shareholder contacts\n            <\/p>\n            <div\n              class=\"group-aria-expanded:rotate-45 font-serif text-3xl transform origin-bottom transition-transform duration-300 ease-out-quad leading-3\">\n              +\n            <\/div>\n          <\/div>\n              <\/button>\n            <div  class=\"transition-[height] duration-300 ease-out-quad relative overflow-hidden\" data-ref=\"container\" style=\"visibility: hidden; height: 0;\">\n        <div data-ref=\"content\" aria-hidden=\"true\">\n                    <div class=\"richtext pb-8 s:pl-8 m:pl-24\">\n            <p>All information and documents can be obtained from Maison Pommery &amp; Associ\u00e9 at 5, place G\u00e9n\u00e9ral Gouraud &#8211; 51100 REIMS.<\/p>\n<p>Contact: +33 3 26 61 62 34<\/p>\n<p><a href=\"mailto:comfi@vrankenpommery.fr\">comfi@maisonpommery.fr<\/a><\/p>\n<p><strong>Financial releases<\/strong><\/p>\n<p>Press releases are issued throughout the year.<\/p>\n<p>&nbsp;<\/p>\n<p><strong>Documentation<\/strong><\/p>\n<p>A brochure on the financial statements is published after each year-end.<\/p>\n<p>&nbsp;<\/p>\n<p><strong>EURO EMETTEURS FINANCE<\/strong><\/p>\n<p>48, boulevard des Batignolles &#8211; 75850 PARIS CEDEX 17<\/p>\n<p>Tel: +33 1 55 30 59 00 &#8211; Fax: +33 1 55 30 59 10<\/p>\n<p>&nbsp;<\/p>\n<p><strong>UPTEVIA<\/strong><br \/>\n90-110 Esplanade du G\u00e9n\u00e9ral de Gaulle &#8211; 92931 Paris La D\u00e9fense Cedex<\/p>\n<p>From France: 0 800 007 535<\/p>\n<p>From abroad: +33 1 49 37 82 36<\/p>\n\n          <\/div>\n                <\/div>\n      <\/div>\n    <\/div>\n  <\/div>\n    <\/div>\n  <\/div>\n\n<\/section>","protected":false},"excerpt":{"rendered":"","protected":false},"author":1,"featured_media":0,"parent":3294,"menu_order":0,"comment_status":"closed","ping_status":"closed","template":"","meta":{"_acf_changed":false,"footnotes":""},"class_list":["post-3304","page","type-page","status-publish","hentry"],"acf":[],"_links":{"self":[{"href":"https:\/\/www.maisonpommery.com\/en\/wp-json\/wp\/v2\/pages\/3304","targetHints":{"allow":["GET"]}}],"collection":[{"href":"https:\/\/www.maisonpommery.com\/en\/wp-json\/wp\/v2\/pages"}],"about":[{"href":"https:\/\/www.maisonpommery.com\/en\/wp-json\/wp\/v2\/types\/page"}],"author":[{"embeddable":true,"href":"https:\/\/www.maisonpommery.com\/en\/wp-json\/wp\/v2\/users\/1"}],"replies":[{"embeddable":true,"href":"https:\/\/www.maisonpommery.com\/en\/wp-json\/wp\/v2\/comments?post=3304"}],"version-history":[{"count":1,"href":"https:\/\/www.maisonpommery.com\/en\/wp-json\/wp\/v2\/pages\/3304\/revisions"}],"predecessor-version":[{"id":3307,"href":"https:\/\/www.maisonpommery.com\/en\/wp-json\/wp\/v2\/pages\/3304\/revisions\/3307"}],"up":[{"embeddable":true,"href":"https:\/\/www.maisonpommery.com\/en\/wp-json\/wp\/v2\/pages\/3294"}],"wp:attachment":[{"href":"https:\/\/www.maisonpommery.com\/en\/wp-json\/wp\/v2\/media?parent=3304"}],"curies":[{"name":"wp","href":"https:\/\/api.w.org\/{rel}","templated":true}]}}